{"id":7452,"date":"2025-01-21T15:53:57","date_gmt":"2025-01-21T14:53:57","guid":{"rendered":"https:\/\/www.qbir1842.odns.fr\/extremecordouanfr\/?post_type=product&#038;p=7452"},"modified":"2025-06-12T23:36:56","modified_gmt":"2025-06-12T21:36:56","slug":"inscription-kitesurf-extreme-cordouan-2025-twintip-directionnel-tiki","status":"publish","type":"product","link":"https:\/\/extremecordouan.fr\/en\/produit\/inscription-kitesurf-extreme-cordouan-2025-twintip-directionnel-tiki\/","title":{"rendered":"Inscription Kitesurf Extr\u00eame Cordouan 2025 (twintip, directionnel, tiki)"},"content":{"rendered":"<p>Les licences FFVoile et FFVolLibre sont accept\u00e9es.<br \/>\nSi vous n&#8217;avez pas de licence \u00e0 l&#8217;ann\u00e9e, vous pouvez prendre la licence temporaire FFVoile Extr\u00eame Cordouan ci-dessous.<\/p>\n","protected":false},"excerpt":{"rendered":"<p><strong>Parcours sp\u00e9cial Kitesurf, directionnelle et Tiki<\/strong><\/p>\n<ul>\n<li>Courses longues distances de 12 \u00e0 25km<\/li>\n<li>Choix des parcours pour <strong>privil\u00e9gier le downwind<br \/>\n<\/strong><\/li>\n<li>Zone de course entre Saint-Georges-de-Didonne et La Palmyre<\/li>\n<li>\u00c2ge minimum : 15 ans (autorisation parentale \u00e0 pr\u00e9voir)<strong><br \/>\n<\/strong><\/li>\n<\/ul>\n<p>Les frais de participation incluent :<\/p>\n<ul>\n<li>les frais d\u2019organisation de l&#8217;\u00e9v\u00e9nement<\/li>\n<li>les frais du dispositif de s\u00e9curit\u00e9<\/li>\n<li>le tee-shirt de l\u2019\u00e9v\u00e9nement<\/li>\n<li>un repas.<\/li>\n<li>les frais de mise \u00e0 disposition du tracker GPS<\/li>\n<li aria-level=\"1\">La licence FFVL \u201cpratiquant kite\u201d est accept\u00e9e lors de l\u2019inscription<\/li>\n<\/ul>\n","protected":false},"featured_media":7453,"template":"","meta":[],"product_brand":[],"product_cat":[61],"product_tag":[],"class_list":{"0":"post-7452","1":"product","2":"type-product","3":"status-publish","4":"has-post-thumbnail","6":"product_cat-inscriptions-extreme-cordouan-2025","8":"first","9":"outofstock","10":"virtual","11":"purchasable","12":"product-type-simple"},"exclude_global_add_ons":false,"addons":[{"name":"Pr\u00e9nom","type":"custom_text","position":0,"required":true,"title_format":"label","default":"","description_enable":true,"description":"Pr\u00e9nom du participant","placeholder_enable":false,"placeholder":"","display":"select","restrictions_type":"any_text","adjust_price":false,"price":"","price_type":"flat_fee","restrictions":false,"min":"0","max":"0","options":[],"id":1748247545},{"name":"Nom","type":"custom_text","position":1,"required":true,"title_format":"label","default":"","description_enable":true,"description":"Nom du participant","placeholder_enable":false,"placeholder":"","display":"select","restrictions_type":"any_text","adjust_price":false,"price":"","price_type":"flat_fee","restrictions":false,"min":"0","max":"0","options":[],"id":1748247546},{"name":"Sexe","type":"multiple_choice","position":2,"required":true,"title_format":"hide","default":"","description_enable":true,"description":"","placeholder_enable":false,"placeholder":"","display":"radiobutton","restrictions_type":"any_text","adjust_price":false,"price":"","price_type":"flat_fee","restrictions":false,"min":"0","max":"0","options":[{"label":"Homme","price":"","price_type":"flat_fee","image":0,"visibility":true},{"label":"Femme","price":"","price_type":"flat_fee","image":0,"visibility":true}],"id":1748247547},{"name":"Date de naissance","type":"custom_text","position":3,"required":true,"title_format":"label","default":"","description_enable":true,"description":"sous la forme JJ\/MM\/AAAA","placeholder_enable":false,"placeholder":"","display":"select","restrictions_type":"any_text","adjust_price":false,"price":"","price_type":"flat_fee","restrictions":false,"min":"0","max":"0","options":[],"id":1748247548},{"name":"Type de kitesurf","type":"multiple_choice","position":4,"required":true,"title_format":"label","default":"","description_enable":false,"description":"","placeholder_enable":false,"placeholder":"","display":"radiobutton","restrictions_type":"any_text","adjust_price":false,"price":"","price_type":"flat_fee","restrictions":false,"min":"0","max":"0","options":[{"label":"Twin-tip","price":"","price_type":"flat_fee","image":0,"visibility":true},{"label":"Directionnel","price":"","price_type":"flat_fee","image":0,"visibility":true},{"label":"Tiki","price":"","price_type":"flat_fee","image":0,"visibility":true}],"id":1748247549},{"name":"Choix de la Licence","type":"multiple_choice","position":5,"required":true,"title_format":"label","default":"","description_enable":true,"description":"La d\u00e9tention d\u2019une licence annuelle FFVoile, ou d'une licence annuelle pratiquant kite FFVolLibre, ou d\u2019une licence temporaire est obligatoire. En cas de possession d\u2019une licence annuelle son num\u00e9ro doit \u00eatre indiqu\u00e9 ci-dessous. Sinon choisissez la licence temporaire.","placeholder_enable":false,"placeholder":"","display":"radiobutton","restrictions_type":"any_text","adjust_price":false,"price":"","price_type":"flat_fee","restrictions":false,"min":"0","max":"0","options":[{"label":"Licence FFVoile","price":"","price_type":"flat_fee","image":0,"visibility":true},{"label":"Licence Pratiquant Kite FFVL","price":"","price_type":"flat_fee","image":0,"visibility":true},{"label":"Licence temporaire FFVoile Extr\u00eame Cordouan","price":"30","price_type":"flat_fee","image":0,"visibility":true}],"id":1748247550},{"name":"Num\u00e9ro de licence FFVoile OU FFVol Libre 2025","type":"custom_text","position":6,"required":false,"title_format":"label","default":"","description_enable":true,"description":"Si vous avez choisi l'option correspondante, saisissez votre num\u00e9ro de licence FFVoile OU votre num\u00e9ro de licence FFVolLibre","placeholder_enable":false,"placeholder":"","display":"select","restrictions_type":"any_text","adjust_price":false,"price":"","price_type":"flat_fee","restrictions":false,"min":"0","max":"0","options":[],"id":1748247551},{"name":"Certificat m\u00e9dical","type":"file_upload","position":7,"required":false,"title_format":"label","default":"","description_enable":true,"description":"Si vous n'avez pas de licence FFVoile ou FFVolLibre, la pr\u00e9sentation d\u2019un certificat m\u00e9dical d\u2019aptitude \u00e0 la pratique du Kitefoil en comp\u00e9tition est obligatoire. Il doit \u00eatre dat\u00e9 de moins d\u2019un an au 8 juin 2024.\r\n<b>Taille max de fichier : 2Mo<\/b> <em>En cas de probl\u00e8me de t\u00e9l\u00e9chargement, laissez ce champs vide. Vous pourrez nous envoyer votre fichier en r\u00e9ponse au mail de confirmation d'inscription<\/em>","placeholder_enable":false,"placeholder":"","display":"select","restrictions_type":"any_text","adjust_price":false,"price":"","price_type":"flat_fee","restrictions":false,"min":"0","max":"0","options":[],"id":1748247552},{"name":"T-SHIRT","type":"multiple_choice","position":8,"required":true,"title_format":"label","default":"","description_enable":false,"description":"","placeholder_enable":false,"placeholder":"","display":"select","restrictions_type":"any_text","adjust_price":false,"price":"","price_type":"flat_fee","restrictions":false,"min":"0","max":"0","options":[{"label":"S","price":"","price_type":"flat_fee","image":0,"visibility":true},{"label":"M","price":"","price_type":"flat_fee","image":0,"visibility":true},{"label":"L","price":"","price_type":"flat_fee","image":0,"visibility":true},{"label":"XL","price":"","price_type":"flat_fee","image":0,"visibility":true},{"label":"XXL","price":"","price_type":"flat_fee","image":0,"visibility":true}],"id":1748247553},{"name":"Personne \u00e0 contacter en cas d\u2019urgence","type":"custom_textarea","position":9,"required":true,"title_format":"label","default":"","description_enable":true,"description":"Merci d'indiquer son nom, pr\u00e9nom et num\u00e9ro de t\u00e9l\u00e9phone","placeholder_enable":false,"placeholder":"","display":"select","restrictions_type":"any_text","adjust_price":false,"price":"","price_type":"flat_fee","restrictions":false,"min":"0","max":"0","options":[],"id":1748247554},{"name":"Autorisation parentale pour les mineurs","type":"file_upload","position":10,"required":false,"title_format":"label","default":"","description_enable":true,"description":"<em style=\"font-size:12px;line-height:14px\">Si le titulaire de cette inscription a moins de 18 ans merci de nous joindre une autorisation parentale. <b>Taille max de fichier : 2Mo<\/b> En cas de probl\u00e8me de t\u00e9l\u00e9chargement, laissez ce champ vide. Vous pourrez nous envoyer votre fichier en r\u00e9ponse au mail de confirmation d'inscription<\/em>","placeholder_enable":false,"placeholder":"","display":"select","restrictions_type":"any_text","adjust_price":false,"price":"","price_type":"flat_fee","restrictions":false,"min":"0","max":"0","options":[],"id":1748247555},{"name":"Caution dossard et GPS","type":"multiple_choice","position":11,"required":true,"title_format":"label","default":"","description_enable":true,"description":"Je suis inform\u00e9 qu'une caution de 150\u20ac par ch\u00e8que ou esp\u00e8ce, avec pr\u00e9sentation d\u2019une pi\u00e8ce d\u2019identit\u00e9, me sera demand\u00e9e lors de la confirmation de mon inscription, contre la remise du dossard et du tracker GPS. La caution sera restitu\u00e9e \u00e0 la fin de la comp\u00e9tition sur remise du lycra et du tracker GPS","placeholder_enable":false,"placeholder":"","display":"radiobutton","restrictions_type":"any_text","adjust_price":false,"price":"","price_type":"flat_fee","restrictions":false,"min":"0","max":"0","options":[{"label":"J'accepte","price":"","price_type":"flat_fee","image":0,"visibility":true}],"id":1748247556},{"name":"Charte du coureur","type":"multiple_choice","position":12,"required":true,"title_format":"label","default":"","description_enable":true,"description":"En tant que concurrent et participant, je m\u2019engage \u00e0 :\r\n- Avoir pris connaissance le jour des courses des avis, instructions et r\u00e8gles de course de l'Extr\u00eame Cordouan, notamment le mat\u00e9riel de s\u00e9curit\u00e9 obligatoire, et je m\u2019engage \u00e0 les respecter. \r\n- Apporter toute l'aide possible \u00e0 toute personne ou navire en danger.\r\n- Reconna\u00eetre que prendre la d\u00e9cision de participer \u00e0 une course ou de rester en course rel\u00e8ve de ma propre responsabilit\u00e9.\r\n- Porter le lycra d'identification ainsi que le tracker GPS fourni par l'organisation.\r\n- Me soumettre \u00e0 la proc\u00e9dure d'\u00e9margement avant le d\u00e9part et apr\u00e8s mon arriv\u00e9e de chaque manche.\r\n\r\nDroit aux donn\u00e9es et \u00e0 l\u2019image\r\n- J\u2019autorise l\u2019organisation de l\u2019Extr\u00eame Cordouan \u00e0 utiliser mes donn\u00e9es, mon nom sur tous supports li\u00e9s \u00e0 l\u2019\u00e9v\u00e8nement, ainsi que la diffusion gracieuse de mon image avant, pendant et apr\u00e8s l\u2019\u00e9v\u00e8nement sur tous supports visuels et informatiques.\r\n","placeholder_enable":false,"placeholder":"","display":"radiobutton","restrictions_type":"any_text","adjust_price":false,"price":"","price_type":"flat_fee","restrictions":false,"min":"0","max":"0","options":[{"label":"J'accepte","price":"","price_type":"flat_fee","image":0,"visibility":true}],"id":1748247557}],"yoast_head":"<!-- This site is optimized with the Yoast SEO plugin v27.5 - https:\/\/yoast.com\/product\/yoast-seo-wordpress\/ -->\n<title>Inscription Kitesurf Extr\u00eame Cordouan 2025 (twintip, directionnel, tiki) - Course longue distance<\/title>\n<meta name=\"description\" content=\"Inscription Kitesurf Extr\u00eame Cordouan 2025 (twintip, directionnel, tiki)\" \/>\n<meta name=\"robots\" content=\"noindex, follow\" \/>\n<meta property=\"og:locale\" content=\"en_US\" \/>\n<meta property=\"og:type\" content=\"article\" \/>\n<meta property=\"og:title\" content=\"Inscription Kitesurf Extr\u00eame Cordouan 2025 (twintip, directionnel, tiki) - Course longue distance\" \/>\n<meta property=\"og:description\" content=\"Inscription Kitesurf Extr\u00eame Cordouan 2025 (twintip, directionnel, tiki)\" \/>\n<meta property=\"og:url\" content=\"https:\/\/extremecordouan.fr\/en\/produit\/inscription-kitesurf-extreme-cordouan-2025-twintip-directionnel-tiki\/\" \/>\n<meta property=\"og:site_name\" content=\"Extr\u00eame Cordouan\" \/>\n<meta property=\"article:publisher\" content=\"https:\/\/facebook.com\/extremecordouan\/\" \/>\n<meta property=\"article:modified_time\" content=\"2025-06-12T21:36:56+00:00\" \/>\n<meta property=\"og:image\" content=\"https:\/\/extremecordouan.fr\/wp-content\/uploads\/2025\/01\/visuel-inscriptions-exco2025-kite-twintip-tiki-directionnel.jpg\" \/>\n\t<meta property=\"og:image:width\" content=\"832\" \/>\n\t<meta property=\"og:image:height\" content=\"832\" \/>\n\t<meta property=\"og:image:type\" content=\"image\/jpeg\" \/>\n<meta name=\"twitter:card\" content=\"summary_large_image\" \/>\n<meta name=\"twitter:label1\" content=\"Est. reading time\" \/>\n\t<meta name=\"twitter:data1\" content=\"1 minute\" \/>\n<script type=\"application\/ld+json\" class=\"yoast-schema-graph\">{\"@context\":\"https:\\\/\\\/schema.org\",\"@graph\":[{\"@type\":\"WebPage\",\"@id\":\"https:\\\/\\\/extremecordouan.fr\\\/en\\\/produit\\\/inscription-kitesurf-extreme-cordouan-2025-twintip-directionnel-tiki\\\/\",\"url\":\"https:\\\/\\\/extremecordouan.fr\\\/en\\\/produit\\\/inscription-kitesurf-extreme-cordouan-2025-twintip-directionnel-tiki\\\/\",\"name\":\"Inscription Kitesurf Extr\u00eame Cordouan 2025 (twintip, directionnel, tiki) - Course longue distance\",\"isPartOf\":{\"@id\":\"https:\\\/\\\/extremecordouan.fr\\\/#website\"},\"primaryImageOfPage\":{\"@id\":\"https:\\\/\\\/extremecordouan.fr\\\/en\\\/produit\\\/inscription-kitesurf-extreme-cordouan-2025-twintip-directionnel-tiki\\\/#primaryimage\"},\"image\":{\"@id\":\"https:\\\/\\\/extremecordouan.fr\\\/en\\\/produit\\\/inscription-kitesurf-extreme-cordouan-2025-twintip-directionnel-tiki\\\/#primaryimage\"},\"thumbnailUrl\":\"https:\\\/\\\/extremecordouan.fr\\\/wp-content\\\/uploads\\\/2025\\\/01\\\/visuel-inscriptions-exco2025-kite-twintip-tiki-directionnel.jpg\",\"datePublished\":\"2025-01-21T14:53:57+00:00\",\"dateModified\":\"2025-06-12T21:36:56+00:00\",\"description\":\"Inscription Kitesurf Extr\u00eame Cordouan 2025 (twintip, directionnel, tiki)\",\"breadcrumb\":{\"@id\":\"https:\\\/\\\/extremecordouan.fr\\\/en\\\/produit\\\/inscription-kitesurf-extreme-cordouan-2025-twintip-directionnel-tiki\\\/#breadcrumb\"},\"inLanguage\":\"en-US\",\"potentialAction\":[{\"@type\":\"ReadAction\",\"target\":[\"https:\\\/\\\/extremecordouan.fr\\\/en\\\/produit\\\/inscription-kitesurf-extreme-cordouan-2025-twintip-directionnel-tiki\\\/\"]}]},{\"@type\":\"ImageObject\",\"inLanguage\":\"en-US\",\"@id\":\"https:\\\/\\\/extremecordouan.fr\\\/en\\\/produit\\\/inscription-kitesurf-extreme-cordouan-2025-twintip-directionnel-tiki\\\/#primaryimage\",\"url\":\"https:\\\/\\\/extremecordouan.fr\\\/wp-content\\\/uploads\\\/2025\\\/01\\\/visuel-inscriptions-exco2025-kite-twintip-tiki-directionnel.jpg\",\"contentUrl\":\"https:\\\/\\\/extremecordouan.fr\\\/wp-content\\\/uploads\\\/2025\\\/01\\\/visuel-inscriptions-exco2025-kite-twintip-tiki-directionnel.jpg\",\"width\":832,\"height\":832},{\"@type\":\"BreadcrumbList\",\"@id\":\"https:\\\/\\\/extremecordouan.fr\\\/en\\\/produit\\\/inscription-kitesurf-extreme-cordouan-2025-twintip-directionnel-tiki\\\/#breadcrumb\",\"itemListElement\":[{\"@type\":\"ListItem\",\"position\":1,\"name\":\"Accueil\",\"item\":\"https:\\\/\\\/extremecordouan.fr\\\/\"},{\"@type\":\"ListItem\",\"position\":2,\"name\":\"Shop\",\"item\":\"https:\\\/\\\/extremecordouan.fr\\\/en\\\/shop\\\/\"},{\"@type\":\"ListItem\",\"position\":3,\"name\":\"Inscription Kitesurf Extr\u00eame Cordouan 2025 (twintip, directionnel, tiki)\"}]},{\"@type\":\"WebSite\",\"@id\":\"https:\\\/\\\/extremecordouan.fr\\\/#website\",\"url\":\"https:\\\/\\\/extremecordouan.fr\\\/\",\"name\":\"Extr\u00eame Cordouan\",\"description\":\"Course Nautique et Festival Glisse\",\"publisher\":{\"@id\":\"https:\\\/\\\/extremecordouan.fr\\\/#organization\"},\"potentialAction\":[{\"@type\":\"SearchAction\",\"target\":{\"@type\":\"EntryPoint\",\"urlTemplate\":\"https:\\\/\\\/extremecordouan.fr\\\/?s={search_term_string}\"},\"query-input\":{\"@type\":\"PropertyValueSpecification\",\"valueRequired\":true,\"valueName\":\"search_term_string\"}}],\"inLanguage\":\"en-US\"},{\"@type\":\"Organization\",\"@id\":\"https:\\\/\\\/extremecordouan.fr\\\/#organization\",\"name\":\"Extr\u00eame Cordouan\",\"url\":\"https:\\\/\\\/extremecordouan.fr\\\/\",\"logo\":{\"@type\":\"ImageObject\",\"inLanguage\":\"en-US\",\"@id\":\"https:\\\/\\\/extremecordouan.fr\\\/#\\\/schema\\\/logo\\\/image\\\/\",\"url\":\"https:\\\/\\\/i0.wp.com\\\/extremecordouan.fr\\\/wp-content\\\/uploads\\\/2019\\\/02\\\/profil-facebook-extremecordouan.png?fit=800%2C800&ssl=1\",\"contentUrl\":\"https:\\\/\\\/i0.wp.com\\\/extremecordouan.fr\\\/wp-content\\\/uploads\\\/2019\\\/02\\\/profil-facebook-extremecordouan.png?fit=800%2C800&ssl=1\",\"width\":800,\"height\":800,\"caption\":\"Extr\u00eame Cordouan\"},\"image\":{\"@id\":\"https:\\\/\\\/extremecordouan.fr\\\/#\\\/schema\\\/logo\\\/image\\\/\"},\"sameAs\":[\"https:\\\/\\\/facebook.com\\\/extremecordouan\\\/\"]}]}<\/script>\n<!-- \/ Yoast SEO plugin. -->","yoast_head_json":{"title":"Inscription Kitesurf Extr\u00eame Cordouan 2025 (twintip, directionnel, tiki) - Course longue distance","description":"Inscription Kitesurf Extr\u00eame Cordouan 2025 (twintip, directionnel, tiki)","robots":{"index":"noindex","follow":"follow"},"og_locale":"en_US","og_type":"article","og_title":"Inscription Kitesurf Extr\u00eame Cordouan 2025 (twintip, directionnel, tiki) - Course longue distance","og_description":"Inscription Kitesurf Extr\u00eame Cordouan 2025 (twintip, directionnel, tiki)","og_url":"https:\/\/extremecordouan.fr\/en\/produit\/inscription-kitesurf-extreme-cordouan-2025-twintip-directionnel-tiki\/","og_site_name":"Extr\u00eame Cordouan","article_publisher":"https:\/\/facebook.com\/extremecordouan\/","article_modified_time":"2025-06-12T21:36:56+00:00","og_image":[{"width":832,"height":832,"url":"https:\/\/extremecordouan.fr\/wp-content\/uploads\/2025\/01\/visuel-inscriptions-exco2025-kite-twintip-tiki-directionnel.jpg","type":"image\/jpeg"}],"twitter_card":"summary_large_image","twitter_misc":{"Est. reading time":"1 minute"},"schema":{"@context":"https:\/\/schema.org","@graph":[{"@type":"WebPage","@id":"https:\/\/extremecordouan.fr\/en\/produit\/inscription-kitesurf-extreme-cordouan-2025-twintip-directionnel-tiki\/","url":"https:\/\/extremecordouan.fr\/en\/produit\/inscription-kitesurf-extreme-cordouan-2025-twintip-directionnel-tiki\/","name":"Inscription Kitesurf Extr\u00eame Cordouan 2025 (twintip, directionnel, tiki) - Course longue distance","isPartOf":{"@id":"https:\/\/extremecordouan.fr\/#website"},"primaryImageOfPage":{"@id":"https:\/\/extremecordouan.fr\/en\/produit\/inscription-kitesurf-extreme-cordouan-2025-twintip-directionnel-tiki\/#primaryimage"},"image":{"@id":"https:\/\/extremecordouan.fr\/en\/produit\/inscription-kitesurf-extreme-cordouan-2025-twintip-directionnel-tiki\/#primaryimage"},"thumbnailUrl":"https:\/\/extremecordouan.fr\/wp-content\/uploads\/2025\/01\/visuel-inscriptions-exco2025-kite-twintip-tiki-directionnel.jpg","datePublished":"2025-01-21T14:53:57+00:00","dateModified":"2025-06-12T21:36:56+00:00","description":"Inscription Kitesurf Extr\u00eame Cordouan 2025 (twintip, directionnel, tiki)","breadcrumb":{"@id":"https:\/\/extremecordouan.fr\/en\/produit\/inscription-kitesurf-extreme-cordouan-2025-twintip-directionnel-tiki\/#breadcrumb"},"inLanguage":"en-US","potentialAction":[{"@type":"ReadAction","target":["https:\/\/extremecordouan.fr\/en\/produit\/inscription-kitesurf-extreme-cordouan-2025-twintip-directionnel-tiki\/"]}]},{"@type":"ImageObject","inLanguage":"en-US","@id":"https:\/\/extremecordouan.fr\/en\/produit\/inscription-kitesurf-extreme-cordouan-2025-twintip-directionnel-tiki\/#primaryimage","url":"https:\/\/extremecordouan.fr\/wp-content\/uploads\/2025\/01\/visuel-inscriptions-exco2025-kite-twintip-tiki-directionnel.jpg","contentUrl":"https:\/\/extremecordouan.fr\/wp-content\/uploads\/2025\/01\/visuel-inscriptions-exco2025-kite-twintip-tiki-directionnel.jpg","width":832,"height":832},{"@type":"BreadcrumbList","@id":"https:\/\/extremecordouan.fr\/en\/produit\/inscription-kitesurf-extreme-cordouan-2025-twintip-directionnel-tiki\/#breadcrumb","itemListElement":[{"@type":"ListItem","position":1,"name":"Accueil","item":"https:\/\/extremecordouan.fr\/"},{"@type":"ListItem","position":2,"name":"Shop","item":"https:\/\/extremecordouan.fr\/en\/shop\/"},{"@type":"ListItem","position":3,"name":"Inscription Kitesurf Extr\u00eame Cordouan 2025 (twintip, directionnel, tiki)"}]},{"@type":"WebSite","@id":"https:\/\/extremecordouan.fr\/#website","url":"https:\/\/extremecordouan.fr\/","name":"Extr\u00eame Cordouan","description":"Course Nautique et Festival Glisse","publisher":{"@id":"https:\/\/extremecordouan.fr\/#organization"},"potentialAction":[{"@type":"SearchAction","target":{"@type":"EntryPoint","urlTemplate":"https:\/\/extremecordouan.fr\/?s={search_term_string}"},"query-input":{"@type":"PropertyValueSpecification","valueRequired":true,"valueName":"search_term_string"}}],"inLanguage":"en-US"},{"@type":"Organization","@id":"https:\/\/extremecordouan.fr\/#organization","name":"Extr\u00eame Cordouan","url":"https:\/\/extremecordouan.fr\/","logo":{"@type":"ImageObject","inLanguage":"en-US","@id":"https:\/\/extremecordouan.fr\/#\/schema\/logo\/image\/","url":"https:\/\/i0.wp.com\/extremecordouan.fr\/wp-content\/uploads\/2019\/02\/profil-facebook-extremecordouan.png?fit=800%2C800&ssl=1","contentUrl":"https:\/\/i0.wp.com\/extremecordouan.fr\/wp-content\/uploads\/2019\/02\/profil-facebook-extremecordouan.png?fit=800%2C800&ssl=1","width":800,"height":800,"caption":"Extr\u00eame Cordouan"},"image":{"@id":"https:\/\/extremecordouan.fr\/#\/schema\/logo\/image\/"},"sameAs":["https:\/\/facebook.com\/extremecordouan\/"]}]}},"_links":{"self":[{"href":"https:\/\/extremecordouan.fr\/en\/wp-json\/wp\/v2\/product\/7452","targetHints":{"allow":["GET"]}}],"collection":[{"href":"https:\/\/extremecordouan.fr\/en\/wp-json\/wp\/v2\/product"}],"about":[{"href":"https:\/\/extremecordouan.fr\/en\/wp-json\/wp\/v2\/types\/product"}],"version-history":[{"count":4,"href":"https:\/\/extremecordouan.fr\/en\/wp-json\/wp\/v2\/product\/7452\/revisions"}],"predecessor-version":[{"id":7629,"href":"https:\/\/extremecordouan.fr\/en\/wp-json\/wp\/v2\/product\/7452\/revisions\/7629"}],"wp:featuredmedia":[{"embeddable":true,"href":"https:\/\/extremecordouan.fr\/en\/wp-json\/wp\/v2\/media\/7453"}],"wp:attachment":[{"href":"https:\/\/extremecordouan.fr\/en\/wp-json\/wp\/v2\/media?parent=7452"}],"wp:term":[{"taxonomy":"product_brand","embeddable":true,"href":"https:\/\/extremecordouan.fr\/en\/wp-json\/wp\/v2\/product_brand?post=7452"},{"taxonomy":"product_cat","embeddable":true,"href":"https:\/\/extremecordouan.fr\/en\/wp-json\/wp\/v2\/product_cat?post=7452"},{"taxonomy":"product_tag","embeddable":true,"href":"https:\/\/extremecordouan.fr\/en\/wp-json\/wp\/v2\/product_tag?post=7452"}],"curies":[{"name":"wp","href":"https:\/\/api.w.org\/{rel}","templated":true}]}}